{"id":121,"date":"2018-08-22T14:16:29","date_gmt":"2018-08-22T14:16:29","guid":{"rendered":"http:\/\/winiszewski.com\/wordpres\/?page_id=121"},"modified":"2025-09-17T21:17:32","modified_gmt":"2025-09-17T21:17:32","slug":"witamy","status":"publish","type":"page","link":"https:\/\/winiszewski.com\/wordpres\/","title":{"rendered":""},"content":{"rendered":"\n<p>Witam serdecznie na stronie sekcji Taekwon-do ITF oraz Kickboxingu w S\u0142upsku \/ <strong>winiszewski.com<\/strong>!<\/p>\n\n\n\n<p>W menu znajd\u0105 Pa\u0144stwo informacje na temat oferty, godzin i lokalizacji trening\u00f3w oraz dane kontaktowe.<\/p>\n\n\n\n<p>Serdecznie zapraszam do zapoznania si\u0119 z podanymi informacjami oraz do wsp\u00f3lnego treningu!<\/p>\n\n\n\n<p><strong>Karol Winiszewski<\/strong>, <strong>III Dan ITF \/ I Dan Kickboxing WAKO<\/strong><br>&#8211; g\u0142\u00f3wny instruktor.<\/p>\n","protected":false},"excerpt":{"rendered":"<p>Witam serdecznie na stronie sekcji Taekwon-do ITF oraz Kickboxingu w S\u0142upsku \/ winiszewski.com! W menu [&hellip;]<\/p>\n","protected":false},"author":1,"featured_media":0,"parent":0,"menu_order":0,"comment_status":"closed","ping_status":"closed","template":"","meta":{"footnotes":""},"class_list":["post-121","page","type-page","status-publish","hentry"],"_links":{"self":[{"href":"https:\/\/winiszewski.com\/wordpres\/wp-json\/wp\/v2\/pages\/121","targetHints":{"allow":["GET"]}}],"collection":[{"href":"https:\/\/winiszewski.com\/wordpres\/wp-json\/wp\/v2\/pages"}],"about":[{"href":"https:\/\/winiszewski.com\/wordpres\/wp-json\/wp\/v2\/types\/page"}],"author":[{"embeddable":true,"href":"https:\/\/winiszewski.com\/wordpres\/wp-json\/wp\/v2\/users\/1"}],"replies":[{"embeddable":true,"href":"https:\/\/winiszewski.com\/wordpres\/wp-json\/wp\/v2\/comments?post=121"}],"version-history":[{"count":30,"href":"https:\/\/winiszewski.com\/wordpres\/wp-json\/wp\/v2\/pages\/121\/revisions"}],"predecessor-version":[{"id":1130,"href":"https:\/\/winiszewski.com\/wordpres\/wp-json\/wp\/v2\/pages\/121\/revisions\/1130"}],"wp:attachment":[{"href":"https:\/\/winiszewski.com\/wordpres\/wp-json\/wp\/v2\/media?parent=121"}],"curies":[{"name":"wp","href":"https:\/\/api.w.org\/{rel}","templated":true}]}}