{"id":1122,"date":"2025-09-17T21:02:15","date_gmt":"2025-09-17T21:02:15","guid":{"rendered":"https:\/\/winiszewski.com\/wordpres\/?page_id=1122"},"modified":"2025-09-17T21:03:27","modified_gmt":"2025-09-17T21:03:27","slug":"standardy-ochrony-maloletnich","status":"publish","type":"page","link":"https:\/\/winiszewski.com\/wordpres\/standardy-ochrony-maloletnich\/","title":{"rendered":"Standardy Ochrony Ma\u0142oletnich"},"content":{"rendered":"\n<p>Poni\u017cej znajd\u0105 Pa\u0144stwo Standardy Ochrony Ma\u0142oletnich obowi\u0105zuj\u0105ce w naszym klubie.<br>Zapraszamy do zapoznania si\u0119 z tekstem.<\/p>\n\n\n\n<!--more-->\n\n\n\n<p><strong>Polityka oraz procedury ochrony dzieci przed krzywdzeniem<\/strong><\/p>\n\n\n\n<p>Naczeln\u0105 zasad\u0105 wszystkich dzia\u0142a\u0144 podejmowanych przez personel klubu jest dzia\u0142anie dla dobra dziecka i w jego najlepszym interesie. Ka\u017cdy cz\u0142onek personelu traktuje dziecko z szacunkiem oraz uwzgl\u0119dnia jego potrzeby. Niedopuszczalne jest stosowanie przez kogokolwiek wobec dziecka przemocy w jakiejkolwiek formie. Personel klubu sportowego, realizuj\u0105c te cele, dzia\u0142a w ramach obowi\u0105zuj\u0105cego prawa, przepis\u00f3w wewn\u0119trznych danego klubu oraz swoich kompetencji.<\/p>\n\n\n\n<p><strong>Podstawy prawne Polityki ochrony dzieci<\/strong><br>\u2022 Konwencja o prawach dziecka przyj\u0119ta przez Zgromadzenie Og\u00f3lne Narod\u00f3w Zjednoczonych dnia 20 listopada 1989 r. (Dz. U. z 1991r. Nr 120, poz. 526 z p\u00f3\u017an. zm.)<\/p>\n\n\n\n<p>\u2022 Konstytucja Rzeczypospolitej Polskiej z dnia 2 kwietnia 1997 r. (Dz. U. Nr 78, poz. 483 z p\u00f3\u017an. zm.)<\/p>\n\n\n\n<p>\u2022 Ustawa z dnia 25 lutego 1964 r. Kodeks rodzinny i opieku\u0144czy (t.j. Dz. U. z 2020 r. poz. 1359)<\/p>\n\n\n\n<p>\u2022 Ustawa z dnia 28 lipca 2023 r. o zmianie ustawy &#8211; Kodeks rodzinny i opieku\u0144czy oraz niekt\u00f3rych innych ustaw (Dz. U. poz. 1606).<\/p>\n\n\n\n<p>\u2022 Ustawa z dnia 13 maja 2016 r. o przeciwdzia\u0142aniu zagro\u017ceniom przest\u0119pczo\u015bci\u0105 na tle seksualnym i ochronie ma\u0142oletnich (Dz. U. z 2024 r. poz. 560 z p\u00f3\u017an. zm.)<\/p>\n\n\n\n<p>\u2022 Ustawa z dnia 29 lipca 2005 r. o przeciwdzia\u0142aniu przemocy domowej (t.j. Dz. U. z 2021 r. poz. 1249).<\/p>\n\n\n\n<p>\u2022 Ustawa z dnia 6 czerwca 1997 r. Kodeks karny (t.j. Dz. U. z 2022 r. poz. 1138 z p\u00f3\u017an. zm.).<\/p>\n\n\n\n<p>\u2022 Ustawa z dnia 6 czerwca 1997 r. Kodeks post\u0119powania karnego (t.j. Dz. U. z 2022 r. poz. 1375 z p\u00f3\u017an. zm.).<\/p>\n\n\n\n<p>\u2022 Ustawa z dnia 23 kwietnia 1964 r. Kodeks cywilny (t.j. Dz. U. z 2022 r. poz. 1360 z p\u00f3\u017an. zm.) -art. 23 i 24<\/p>\n\n\n\n<p>\u2022 Ustawa z dnia 17 listopada 1964 r. Kodeks post\u0119powania cywilnego (t.j. Dz. U. z 2023 r. poz. 1550 z p\u00f3\u017an. zm.).<\/p>\n\n\n\n<p><strong>S\u0142owniczek poj\u0119\u0107\/obja\u015bnienie termin\u00f3w u\u017cywanych w dokumencie Polityka ochrony dzieci<\/strong><\/p>\n\n\n\n<p>\u00a7 1.<\/p>\n\n\n\n<p>1. Personelem lub cz\u0142onkiem personelu jest osoba zatrudniona na podstawie umowy o prac\u0119, umowy cywilnoprawnej, cz\u0142onek klubu, a tak\u017ce wolontariusz i sta\u017cysta.<\/p>\n\n\n\n<p>2. Zarz\u0105dem klubu jest osoba, organ lub podmiot, kt\u00f3ry w strukturze danego klubu zgodnie w obowi\u0105zuj\u0105cym prawem i\/lub wewn\u0119trznymi dokumentami jest uprawniony do podejmowania decyzji o dzia\u0142aniach klubu.<\/p>\n\n\n\n<p>3. Dzieckiem jest ka\u017cda osoba do uko\u0144czenia 18. roku \u017cycia.<\/p>\n\n\n\n<p>4. Opiekunem dziecka jest osoba uprawniona do reprezentacji dziecka, w szczeg\u00f3lno\u015bci jego rodzic lub opiekun prawny. W my\u015bl niniejszego dokumentu opiekunem jest r\u00f3wnie\u017c rodzic zast\u0119pczy.<\/p>\n\n\n\n<p>5. Zgoda rodzica dziecka oznacza zgod\u0119 co najmniej jednego z rodzic\u00f3w dziecka\/opiekun\u00f3w prawnych. Jednak w przypadku braku porozumienia mi\u0119dzy rodzicami dziecka nale\u017cy poinformowa\u0107 rodzic\u00f3w o konieczno\u015bci rozstrzygni\u0119cia sprawy przez s\u0105d rodzinny.<\/p>\n\n\n\n<p>6. Przez krzywdzenie dziecka nale\u017cy rozumie\u0107 pope\u0142nienie czynu zabronionego lub czynu karalnego na szkod\u0119 dziecka przez jak\u0105kolwiek osob\u0119, w tym cz\u0142onka personelu klubu lub zagro\u017cenie dobra dziecka, w tym jego zaniedbywanie.<\/p>\n\n\n\n<p>7. Osoba odpowiedzialna za internet to wyznaczony przez zarz\u0105d klubu cz\u0142onek personelu, sprawuj\u0105cy nadz\u00f3r nad korzystaniem z internetu przez dzieci na terenie klubu oraz nad bezpiecze\u0144stwem dzieci w internecie.<\/p>\n\n\n\n<p>8. Osoba odpowiedzialna za Polityk\u0119 ochrony dzieci przed krzywdzeniem to wyznaczony przez zarz\u0105d klubu cz\u0142onek personelu sprawuj\u0105cy nadz\u00f3r nad realizacj\u0105 Polityki ochrony dzieci przed krzywdzeniem w klubie.<\/p>\n\n\n\n<p>9. Dane osobowe dziecka to wszelkie informacje umo\u017cliwiaj\u0105ce identyfikacj\u0119 dziecka.<\/p>\n\n\n\n<p><strong>Rozpoznawanie i reagowanie na czynniki ryzyka krzywdzenia dzieci<\/strong><\/p>\n\n\n\n<p>\u00a7 2.<\/p>\n\n\n\n<p>1. Personel klubu posiada wiedz\u0119 i w ramach wykonywanych obowi\u0105zk\u00f3w zwraca uwag\u0119 na czynniki ryzyka i symptomy krzywdzenia dzieci.<\/p>\n\n\n\n<p>2. W przypadku zidentyfikowania czynnik\u00f3w ryzyka personel klubu podejmuje rozmow\u0119 z opiekunami, przekazuj\u0105c informacje na temat dost\u0119pnej oferty wsparcia i motywuj\u0105c ich do szukania dla siebie pomocy.<\/p>\n\n\n\n<p>3. Personel monitoruje sytuacj\u0119 i dobrostan dziecka.<\/p>\n\n\n\n<p><strong>Zasady rekrutacji pracownik\u00f3w\/wolontariuszy\/sta\u017cyst\u00f3w\/praktykant\u00f3w<\/strong><\/p>\n\n\n\n<p>\u00a7 3.&nbsp;<\/p>\n\n\n\n<p>Rekrutacja cz\u0142onk\u00f3w personelu klubu odbywa si\u0119 zgodnie z zasadami bezpiecznej rekrutacji personelu.<\/p>\n\n\n\n<p><strong>Zasady bezpiecznych relacji pomi\u0119dzy pracownikami (wolontariuszami, sta\u017cystami, praktykantami) klubu a dzie\u0107mi&nbsp;<\/strong><\/p>\n\n\n\n<p>\u00a7 4.<\/p>\n\n\n\n<p>Personel zna i stosuje zasady bezpiecznych relacji personel\u2013dziecko i dziecko\u2013dziecko ustalone w klubie.<\/p>\n\n\n\n<p><strong>Procedury interwencji w przypadku podejrzenia krzywdzenia dziecka<\/strong><\/p>\n\n\n\n<p>\u00a7 5.<\/p>\n\n\n\n<p>1. Zagro\u017cenie bezpiecze\u0144stwa dzieci mo\u017ce przybiera\u0107 r\u00f3\u017cne formy, z wykorzystaniem r\u00f3\u017cnych sposob\u00f3w kontaktu i komunikowania.<\/p>\n\n\n\n<p>2. Na potrzeby niniejszego dokumentu przyj\u0119to nast\u0119puj\u0105c\u0105 kwalifikacj\u0119 zagro\u017cenia bezpiecze\u0144stwa dzieci:<\/p>\n\n\n\n<p>a. pope\u0142niono przest\u0119pstwo na szkod\u0119 dziecka (np. wykorzystanie seksualne, zn\u0119canie si\u0119 nad dzieckiem),<\/p>\n\n\n\n<p>b. dosz\u0142o do innej formy krzywdzenia, nieb\u0119d\u0105cej przest\u0119pstwem, takiej jak np. krzyk, kary fizyczne, poni\u017canie,<\/p>\n\n\n\n<p>c. dosz\u0142o do zaniedbania potrzeb \u017cyciowych dziecka (np. zwi\u0105zanych z \u017cywieniem, higien\u0105 czy zdrowiem).<\/p>\n\n\n\n<p>3. Na potrzeby niniejszego dokumentu wyr\u00f3\u017cniono procedury interwencji w przypadku podejrzenia dzia\u0142ania na szkod\u0119 dziecka przez:<\/p>\n\n\n\n<p>a. osoby doros\u0142e (personel, inne osoby trzecie, rodzic\u00f3w\/opiekun\u00f3w prawnych),<\/p>\n\n\n\n<p>b. inne dziecko.<\/p>\n\n\n\n<p>\u00a7 6.<\/p>\n\n\n\n<p>1. W przypadku powzi\u0119cia przez cz\u0142onka personelu podejrzenia, \u017ce dziecko jest krzywdzone, lub zg\u0142oszenia takiej okoliczno\u015bci przez dziecko lub opiekuna dziecka, cz\u0142onek personelu ma obowi\u0105zek sporz\u0105dzenia notatki s\u0142u\u017cbowej i przekazania uzyskanej informacji zarz\u0105dowi klubu. Notatka mo\u017ce mie\u0107 form\u0119 pisemn\u0105 lub mailow\u0105.<\/p>\n\n\n\n<p>2. Interwencja prowadzona jest przez zarz\u0105d klubu, kt\u00f3ry mo\u017ce wyznaczy\u0107 na sta\u0142e do tego zadania inn\u0105 osob\u0119. W przypadku wyznaczenia takiej osoby jej dane (imi\u0119, nazwisko, email, telefon) zostan\u0105 podane do wiadomo\u015bci personelu, dzieci i opiekun\u00f3w.<\/p>\n\n\n\n<p>3. W przypadku wyznaczenia innej osoby do prowadzenia interwencji pod poj\u0119ciem \u201ezarz\u0105du klubu\u201d nale\u017cy rozumie\u0107 osob\u0119 odpowiedzialn\u0105 za prowadzenie interwencji.<\/p>\n\n\n\n<p>4. Je\u017celi zg\u0142oszono krzywdzenie ze strony osoby wyznaczonej do prowadzenia interwencji, w\u00f3wczas interwencja prowadzona jest przez zarz\u0105d klubu.<\/p>\n\n\n\n<p>5. Je\u017celi zg\u0142oszono krzywdzenie ze strony zarz\u0105du klubu, a nie zosta\u0142a wyznaczona osoba do prowadzenia interwencji, w\u00f3wczas dzia\u0142ania opisane w niniejszym rozdziale podejmuje osoba, kt\u00f3ra dostrzeg\u0142a krzywdzenie lub do kt\u00f3rej zg\u0142oszono podejrzenie krzywdzenia.<\/p>\n\n\n\n<p>6. Do udzia\u0142u w interwencji mo\u017cna doprosi\u0107 specjalist\u00f3w, w szczeg\u00f3lno\u015bci psycholog\u00f3w i pedagog\u00f3w, celem skorzystania z ich pomocy przy rozmowie z dzieckiem o trudnych do\u015bwiadczeniach.<\/p>\n\n\n\n<p>7. Zarz\u0105d klubu informuje opiekun\u00f3w o obowi\u0105zku zg\u0142oszenia podejrzenia krzywdzenia dziecka do odpowiedniej instytucji (prokuratura\/policja lub s\u0105d rodzinno-opieku\u0144czy, lub najbli\u017cszy o\u015brodek pomocy spo\u0142ecznej).<\/p>\n\n\n\n<p>8. Po poinformowaniu opiekun\u00f3w zgodnie z punktem poprzedzaj\u0105cym, zarz\u0105d klubu sk\u0142ada zawiadomienie o podejrzeniu przest\u0119pstwa do prokuratury\/policji lub wniosek o wgl\u0105d w sytuacj\u0119 rodziny do s\u0105du rejonowego, wydzia\u0142u rodzinnego i nieletnich, o\u015brodka pomocy spo\u0142ecznej.<\/p>\n\n\n\n<p>9. Dalszy tok post\u0119powania le\u017cy w kompetencjach instytucji wskazanych w punkcie poprzedzaj\u0105cym.<\/p>\n\n\n\n<p>10. Z przebiegu ka\u017cdej interwencji sporz\u0105dza si\u0119 kart\u0119 interwencji, kt\u00f3rej wz\u00f3r stanowi Za\u0142\u0105cznik [nr] do niniejszej Polityki. Kart\u0119 za\u0142\u0105cza si\u0119 do rejestru interwencji prowadzonego przez klub.<\/p>\n\n\n\n<p>\u00a7 7.<\/p>\n\n\n\n<p>W przypadku podejrzenia, \u017ce \u017cycie dziecka jest zagro\u017cone lub grozi mu ci\u0119\u017cki uszczerbek na zdrowiu nale\u017cy niezw\u0142ocznie poinformowa\u0107 odpowiednie s\u0142u\u017cby (policja, pogotowie ratunkowe), dzwoni\u0105c pod numer 112 lub 998 (pogotowie). Poinformowania s\u0142u\u017cb dokonuje cz\u0142onek personelu, kt\u00f3ry pierwszy powzi\u0105\u0142 informacj\u0119 o zagro\u017ceniu i nast\u0119pnie wype\u0142nia kart\u0119 interwencji.<\/p>\n\n\n\n<p>\u00a7 8.<\/p>\n\n\n\n<p>Krzywdzenie przez osob\u0119 doros\u0142\u0105<\/p>\n\n\n\n<p>1. W przypadku gdy zg\u0142oszono krzywdzenie dziecka zarz\u0105d klubu przeprowadza rozmow\u0119 z dzieckiem i innymi osobami maj\u0105cymi lub mog\u0105cymi mie\u0107 wiedz\u0119 o zdarzeniu i o sytuacji osobistej (rodzinnej, zdrowotnej) dziecka, w szczeg\u00f3lno\u015bci jego opiekunami. Zarz\u0105d klubu stara si\u0119 ustali\u0107 przebieg zdarzenia, ale tak\u017ce wp\u0142yw zdarzenia na zdrowie psychiczne i fizyczne dziecka. Ustalenia s\u0105 zapisywane na karcie interwencji.<\/p>\n\n\n\n<p>2. Zarz\u0105d klubu organizuje spotkanie\/a z opiekunami dziecka, kt\u00f3rym przekazuje informacje o zdarzeniu oraz o potrzebie\/mo\u017cliwo\u015bci skorzystania ze specjalistycznego wsparcia, w tym u innych organizacji lub s\u0142u\u017cb.<\/p>\n\n\n\n<p>3. W przypadku, gdy wobec dziecka pope\u0142niono przest\u0119pstwo zarz\u0105d klubu sporz\u0105dza zawiadomienie o mo\u017cliwo\u015bci pope\u0142nienia przest\u0119pstwa i przekazuje je do w\u0142a\u015bciwej miejscowo policji lub prokuratury.<\/p>\n\n\n\n<p>4. W przypadku, gdy z rozmowy z opiekunami wynika, \u017ce nie s\u0105 oni zainteresowani pomoc\u0105 dziecku, ignoruj\u0105 zdarzenie lub w inny spos\u00f3b nie wspieraj\u0105 dziecka, kt\u00f3re do\u015bwiadczy\u0142o krzywdzenia zarz\u0105d klubu sporz\u0105dza wniosek o wgl\u0105d w sytuacj\u0119 rodziny, kt\u00f3ry kieruje do w\u0142a\u015bciwego s\u0105du rodzinnego.<\/p>\n\n\n\n<p>5. W przypadku, gdy z przeprowadzonych ustale\u0144 wynika, \u017ce opiekun dziecka zaniedbuje jego potrzeby psychofizyczne lub rodzina jest niewydolna wychowawczo (np. dziecko chodzi w nieadekwatnych do pogody ubraniach, opuszcza miejsce zamieszkania bez nadzoru osoby doros\u0142ej), rodzina stosuje przemoc wobec dziecka (rodzic\/inny domownik krzyczy na dziecko, stosuje klapsy lub podobne rodzajowo kary fizyczne), nale\u017cy poinformowa\u0107 w\u0142a\u015bciwy o\u015brodek pomocy spo\u0142ecznej o potrzebie pomocy rodzinie, gdy niespe\u0142nianie potrzeb wynika z sytuacji ub\u00f3stwa, b\u0105d\u017a \u2013 w przypadku przemocy i zaniedbania \u2013 konieczno\u015bci wszcz\u0119cia procedury pn. \u201eNiebieska Karta\u201d.<\/p>\n\n\n\n<p>6. W przypadku gdy zg\u0142oszono krzywdzenie dziecka przez cz\u0142onka personelu klubu, w\u00f3wczas osoba ta zostaje odsuni\u0119ta od wszelkich form kontaktu z dzie\u0107mi (nie tylko dzieckiem pokrzywdzonym) do czasu wyja\u015bnienia sprawy.<\/p>\n\n\n\n<p>7. W przypadku gdy cz\u0142onek personelu klubu dopu\u015bci\u0142 si\u0119 wobec dziecka innej formy krzywdzenia ni\u017c pope\u0142nienie przest\u0119pstwa na jego szkod\u0119, zarz\u0105d klubu powinien zbada\u0107 wszystkie okoliczno\u015bci sprawy, w szczeg\u00f3lno\u015bci wys\u0142ucha\u0107 osob\u0119 podejrzewan\u0105 o krzywdzenie, dziecko oraz innych \u015bwiadk\u00f3w zdarzenia. W sytuacji gdy naruszenie dobra dziecka jest znaczne, w szczeg\u00f3lno\u015bci gdy dosz\u0142o do dyskryminacji lub naruszenia godno\u015bci dziecka, nale\u017cy rozwa\u017cy\u0107 rozwi\u0105zanie stosunku prawnego z osob\u0105, kt\u00f3ra dopu\u015bci\u0142a si\u0119 krzywdzenia, lub zarekomendowa\u0107 takie rozwi\u0105zanie zwierzchnikom tej osoby. Je\u017celi osoba, kt\u00f3ra dopu\u015bci\u0142a si\u0119 krzywdzenia, nie jest bezpo\u015brednio zatrudniona przez klub,, lecz przez podmiot trzeci, w\u00f3wczas nale\u017cy zarekomendowa\u0107 zakaz wst\u0119pu tej osoby na teren klubu, a w razie potrzeby rozwi\u0105za\u0107 umow\u0119 z instytucj\u0105 wsp\u00f3\u0142pracuj\u0105c\u0105.<\/p>\n\n\n\n<p>8. Wszystkie osoby, kt\u00f3re w zwi\u0105zku z wykonywaniem obowi\u0105zk\u00f3w s\u0142u\u017cbowych powzi\u0119\u0142y informacj\u0119 o krzywdzeniu dziecka lub informacje z tym zwi\u0105zane, s\u0105 zobowi\u0105zane do zachowania tych informacji w tajemnicy, wy\u0142\u0105czaj\u0105c informacje przekazywane uprawnionym instytucjom w ramach dzia\u0142a\u0144 interwencyjnych.<\/p>\n\n\n\n<p>9. W przypadku gdy podejrzenie zagro\u017cenia bezpiecze\u0144stwa dziecka zg\u0142osili opiekunowie dziecka, a podejrzenie to nie zosta\u0142o potwierdzone, nale\u017cy o tym fakcie poinformowa\u0107 opiekun\u00f3w dziecka na pi\u015bmie.<\/p>\n\n\n\n<p>\u00a7 9.<\/p>\n\n\n\n<p>Krzywdzenie r\u00f3wie\u015bnicze<\/p>\n\n\n\n<p>1. W przypadku podejrzenia krzywdzenia dziecka przez inne dziecko przebywaj\u0105ce w klubie (np. na zaj\u0119ciach grupowych) nale\u017cy przeprowadzi\u0107 rozmow\u0119 z dzieckiem podejrzewanym o krzywdzenie oraz jego opiekunami, a tak\u017ce oddzielnie z dzieckiem poddawanym krzywdzeniu i jego opiekunami. Ponadto nale\u017cy porozmawia\u0107 z innymi osobami maj\u0105cymi wiedz\u0119 o zdarzeniu. W trakcie rozm\u00f3w nale\u017cy d\u0105\u017cy\u0107 do ustalenia przebiegu zdarzenia, a tak\u017ce wp\u0142ywu zdarzenia na zdrowie psychiczne i fizyczne dziecka krzywdzonego. Ustalenia s\u0105 zapisywane na karcie interwencji. Dla dziecka krzywdz\u0105cego oraz krzywdzonego sporz\u0105dza si\u0119 oddzielne karty interwencji.<\/p>\n\n\n\n<p>2. Wsp\u00f3lnie z opiekunami dziecka krzywdz\u0105cego nale\u017cy opracowa\u0107 plan naprawczy, celem zmiany niepo\u017c\u0105danych zachowa\u0144.<\/p>\n\n\n\n<p>3. Z opiekunami dziecka poddawanego krzywdzeniu nale\u017cy opracowa\u0107 plan zapewnienia mu bezpiecze\u0144stwa, w\u0142\u0105czaj\u0105c w ten plan sposoby odizolowania go od \u017ar\u00f3de\u0142 zagro\u017cenia.<\/p>\n\n\n\n<p>4. W trakcie rozm\u00f3w nale\u017cy upewni\u0107 si\u0119, \u017ce dziecko podejrzewane o krzywdzenie innego dziecka samo nie jest krzywdzone przez opiekun\u00f3w, innych doros\u0142ych b\u0105d\u017a inne dzieci. W przypadku potwierdzenia takiej okoliczno\u015bci nale\u017cy podj\u0105\u0107 interwencj\u0119 tak\u017ce w stosunku do tego dziecka.<\/p>\n\n\n\n<p>5. W przypadku, gdy dziecko krzywdz\u0105ce nie uczestniczy w dzia\u0142aniach klubu nale\u017cy porozmawia\u0107 z dzieckiem poddawanym krzywdzeniu, innymi osobami maj\u0105cymi wiedz\u0119 o zdarzeniu, a tak\u017ce z opiekunami dziecka krzywdzonego celem ustalenia przebiegu zdarzenia, a tak\u017ce wp\u0142ywu zdarzenia na zdrowie psychiczne i fizyczne dziecka. Zarz\u0105d klubu organizuje spotkanie\/a z opiekunami dziecka, kt\u00f3rym przekazuje informacje o zdarzeniu oraz o potrzebie\/mo\u017cliwo\u015bci skorzystania ze specjalistycznego wsparcia, w tym u innych organizacji lub s\u0142u\u017cb oraz o sposobach reakcji na zdarzenie (poinformowanie s\u0105du rodzinnego, poinformowanie szko\u0142y, poinformowanie opiekun\u00f3w dziecka krzywdz\u0105cego).<\/p>\n\n\n\n<p>6. Je\u017celi osob\u0105 podejrzewan\u0105 o krzywdzenie jest dziecko w wieku od 13 do 17 lat, a jego zachowanie stanowi czyn karalny, nale\u017cy ponadto poinformowa\u0107 w\u0142a\u015bciwy miejscowo s\u0105d rodzinny lub policj\u0119 poprzez pisemne zawiadomienie.<\/p>\n\n\n\n<p>7. Je\u017celi osob\u0105 podejrzewan\u0105 o krzywdzenie jest dziecko powy\u017cej lat 17, a jego zachowanie stanowi przest\u0119pstwo, w\u00f3wczas nale\u017cy poinformowa\u0107 w\u0142a\u015bciw\u0105 miejscowo jednostk\u0119 policji lub prokuratury poprzez pisemne zawiadomienie.<\/p>\n\n\n\n<p><strong>Zasady ochrony danych osobowych oraz wizerunku dzieci w klubie<\/strong><\/p>\n\n\n\n<p>\u00a7 10.<\/p>\n\n\n\n<p>1. Klub zapewnia najwy\u017csze standardy ochrony danych osobowych dzieci zgodnie z obowi\u0105zuj\u0105cymi przepisami prawa.<\/p>\n\n\n\n<p>2. Klub, uznaj\u0105c prawo dziecka do prywatno\u015bci i ochrony d\u00f3br osobistych, zapewnia ochron\u0119 wizerunku dziecka.<\/p>\n\n\n\n<p>\u00a7 11.<\/p>\n\n\n\n<p>1. Personelowi klubu nie wolno umo\u017cliwia\u0107 przedstawicielom medi\u00f3w utrwalania wizerunku dziecka (filmowanie, fotografowanie, nagrywanie g\u0142osu dziecka) na terenie klubu bez pisemnej zgody opiekuna dziecka &#8211; zgodnie z deklaracj\u0105 uczestnika na dany sezon treningowy.<\/p>\n\n\n\n<p>2. W celu uzyskania zgody, o kt\u00f3rej mowa powy\u017cej, personel klubu mo\u017ce skontaktowa\u0107 si\u0119 z opiekunem dziecka i ustali\u0107 procedur\u0119 uzyskania zgody. Niedopuszczalne jest podanie przedstawicielowi medi\u00f3w danych kontaktowych do opiekuna dziecka \u2013 bez wiedzy i zgody tego opiekuna.<\/p>\n\n\n\n<p>3. Je\u017celi wizerunek dziecka stanowi jedynie szczeg\u00f3\u0142 ca\u0142o\u015bci, takiej jak: zgromadzenie, krajobraz, publiczna impreza, zgoda opiekuna na utrwalanie wizerunku dziecka nie jest wymagana.<\/p>\n\n\n\n<p>\u00a7 12.<\/p>\n\n\n\n<p>1. Upublicznienie przez cz\u0142onka personelu wizerunku dziecka utrwalonego w jakiejkolwiek formie (fotografia, nagranie audio-wideo) wymaga zgody opiekuna dziecka.<\/p>\n\n\n\n<p>2. Zgoda, o kt\u00f3rej mowa w ust. 1., powinna zawiera\u0107 informacj\u0119, gdzie b\u0119dzie umieszczony zarejestrowany wizerunek i w jakim kontek\u015bcie b\u0119dzie wykorzystywany.<\/p>\n\n\n\n<p><strong>Zasady bezpiecznego korzystania z internetu i medi\u00f3w elektronicznych<\/strong><\/p>\n\n\n\n<p>\u00a7 13.<\/p>\n\n\n\n<p>1. Klub nie zapewnia dzieciom dost\u0119pu do internetu i medi\u00f3w elektronicznych.<\/p>\n\n\n\n<p>\u00a7 14.<\/p>\n\n\n\n<p>Podczas trwania zaj\u0119\u0107 istnieje kategoryczny zakaz u\u017cywania urz\u0105dze\u0144 elektronicznych przez dzieci i innych uczestnik\u00f3w..<\/p>\n\n\n\n<p><strong>Monitoring<\/strong><\/p>\n\n\n\n<p>\u00a7 15.<\/p>\n\n\n\n<p>1. Klub wyznacza Karola Winiszewskiego jako osob\u0119 odpowiedzialn\u0105 za Polityk\u0119 ochrony dzieci w klubie.<\/p>\n\n\n\n<p>2. Osoba, o kt\u00f3rej mowa w punkcie poprzedzaj\u0105cym, jest odpowiedzialna za monitorowanie realizacji Polityki, za reagowanie na sygna\u0142y naruszenia Polityki oraz za proponowanie zmian w Polityce.<\/p>\n\n\n\n<p>3. Osoba, o kt\u00f3rej mowa w punkcie 1 tego rozdzia\u0142u, przeprowadza w\u015br\u00f3d personelu klubu, raz na 24 miesi\u0105ce, ankiet\u0119 monitoruj\u0105c\u0105 poziom realizacji Polityki.<\/p>\n\n\n\n<p>4. W ankiecie personel mo\u017ce proponowa\u0107 zmiany Polityki oraz wskazywa\u0107 naruszenia Polityki w klubie.<\/p>\n\n\n\n<p>5. Osoba, o kt\u00f3rej mowa w ust. 1 niniejszego paragrafu, dokonuje opracowania ankiet wype\u0142nionych przez cz\u0142onk\u00f3w personelu. Sporz\u0105dza na tej podstawie raport z monitoringu, kt\u00f3ry nast\u0119pnie przekazuje zarz\u0105dowi klubu.<\/p>\n\n\n\n<p>6. Zarz\u0105d klubu wprowadza do Polityki niezb\u0119dne zmiany i og\u0142asza personelowi nowe brzmienie Polityki.<\/p>\n\n\n\n<p><strong>Przepisy ko\u0144cowe<\/strong><\/p>\n\n\n\n<p>\u00a7 16.<\/p>\n\n\n\n<p>1. Polityka wchodzi w \u017cycie z dniem jej og\u0142oszenia.<\/p>\n\n\n\n<p>2. Og\u0142oszenie nast\u0119puje w spos\u00f3b dost\u0119pny dla personelu organizacji, w szczeg\u00f3lno\u015bci poprzez wywieszenie w miejscu og\u0142osze\u0144 dla personelu lub poprzez przes\u0142anie jej tekstu drog\u0105 elektroniczn\u0105.<\/p>\n\n\n\n<p><\/p>\n","protected":false},"excerpt":{"rendered":"<p>Poni\u017cej znajd\u0105 Pa\u0144stwo Standardy Ochrony Ma\u0142oletnich obowi\u0105zuj\u0105ce w naszym klubie.Zapraszamy do zapoznania si\u0119 z tekstem.<\/p>\n","protected":false},"author":1,"featured_media":0,"parent":0,"menu_order":0,"comment_status":"closed","ping_status":"closed","template":"","meta":{"footnotes":""},"class_list":["post-1122","page","type-page","status-publish","hentry"],"_links":{"self":[{"href":"https:\/\/winiszewski.com\/wordpres\/wp-json\/wp\/v2\/pages\/1122","targetHints":{"allow":["GET"]}}],"collection":[{"href":"https:\/\/winiszewski.com\/wordpres\/wp-json\/wp\/v2\/pages"}],"about":[{"href":"https:\/\/winiszewski.com\/wordpres\/wp-json\/wp\/v2\/types\/page"}],"author":[{"embeddable":true,"href":"https:\/\/winiszewski.com\/wordpres\/wp-json\/wp\/v2\/users\/1"}],"replies":[{"embeddable":true,"href":"https:\/\/winiszewski.com\/wordpres\/wp-json\/wp\/v2\/comments?post=1122"}],"version-history":[{"count":3,"href":"https:\/\/winiszewski.com\/wordpres\/wp-json\/wp\/v2\/pages\/1122\/revisions"}],"predecessor-version":[{"id":1126,"href":"https:\/\/winiszewski.com\/wordpres\/wp-json\/wp\/v2\/pages\/1122\/revisions\/1126"}],"wp:attachment":[{"href":"https:\/\/winiszewski.com\/wordpres\/wp-json\/wp\/v2\/media?parent=1122"}],"curies":[{"name":"wp","href":"https:\/\/api.w.org\/{rel}","templated":true}]}}